{"id":39,"date":"2025-01-17T14:48:52","date_gmt":"2025-01-17T14:48:52","guid":{"rendered":"https:\/\/mystrpage.com.pl\/wp\/?page_id=39"},"modified":"2026-04-20T20:39:37","modified_gmt":"2026-04-20T20:39:37","slug":"harmonogramy","status":"publish","type":"page","link":"https:\/\/mystrpage.com.pl\/wp\/harmonogramy\/","title":{"rendered":"Harmonogramy"},"content":{"rendered":"\t\t<div data-elementor-type=\"wp-page\" data-elementor-id=\"39\" class=\"elementor elementor-39\">\n\t\t\t\t<div class=\"elementor-element elementor-element-6efdd23 e-flex e-con-boxed e-con e-parent\" data-id=\"6efdd23\" data-element_type=\"container\">\n\t\t\t\t\t<div class=\"e-con-inner\">\n\t\t\t\t<div class=\"elementor-element elementor-element-a067967 elementor-widget elementor-widget-heading\" data-id=\"a067967\" data-element_type=\"widget\" data-widget_type=\"heading.default\">\n\t\t\t\t<div class=\"elementor-widget-container\">\n\t\t\t\t\t<h2 class=\"elementor-heading-title elementor-size-default\">Projekt w ramach Priorytetu nr FEPK.07 \"Kapita\u0142 ludzki gotowy do zmian\" programu regionalnego Fundusze europejskie dla Podkarpacia 2021-2027\"\n\n\"Podniesienie jako\u015bci kszta\u0142cenia zawodowego - kluczem do sukcesu na rynku pracy \" nr FEPK.07.13-IP.01-0050\/23<\/h2>\t\t\t\t<\/div>\n\t\t\t\t<\/div>\n\t\t\t\t\t<\/div>\n\t\t\t\t<\/div>\n\t\t<div class=\"elementor-element elementor-element-880b159 e-flex e-con-boxed e-con e-parent\" data-id=\"880b159\" data-element_type=\"container\">\n\t\t\t\t\t<div class=\"e-con-inner\">\n\t\t\t\t<div class=\"elementor-element elementor-element-d01c04b elementor-widget elementor-widget-image\" data-id=\"d01c04b\" data-element_type=\"widget\" data-widget_type=\"image.default\">\n\t\t\t\t<div class=\"elementor-widget-container\">\n\t\t\t\t\t\t\t\t\t\t\t\t\t\t\t<img fetchpriority=\"high\" decoding=\"async\" width=\"800\" height=\"66\" src=\"https:\/\/mystrpage.com.pl\/wp\/wp-content\/uploads\/2025\/01\/pasek-21-27-RGB-scaled.jpg\" class=\"attachment-ocean-thumb-ml size-ocean-thumb-ml wp-image-11\" alt=\"\" srcset=\"https:\/\/mystrpage.com.pl\/wp\/wp-content\/uploads\/2025\/01\/pasek-21-27-RGB-scaled.jpg 2560w, https:\/\/mystrpage.com.pl\/wp\/wp-content\/uploads\/2025\/01\/pasek-21-27-RGB-300x25.jpg 300w, https:\/\/mystrpage.com.pl\/wp\/wp-content\/uploads\/2025\/01\/pasek-21-27-RGB-1024x84.jpg 1024w, https:\/\/mystrpage.com.pl\/wp\/wp-content\/uploads\/2025\/01\/pasek-21-27-RGB-768x63.jpg 768w, https:\/\/mystrpage.com.pl\/wp\/wp-content\/uploads\/2025\/01\/pasek-21-27-RGB-1536x126.jpg 1536w, https:\/\/mystrpage.com.pl\/wp\/wp-content\/uploads\/2025\/01\/pasek-21-27-RGB-2048x169.jpg 2048w\" sizes=\"(max-width: 800px) 100vw, 800px\" \/>\t\t\t\t\t\t\t\t\t\t\t\t\t\t\t<\/div>\n\t\t\t\t<\/div>\n\t\t\t\t\t<\/div>\n\t\t\t\t<\/div>\n\t\t<div class=\"elementor-element elementor-element-bab7972 e-flex e-con-boxed e-con e-parent\" data-id=\"bab7972\" data-element_type=\"container\">\n\t\t\t\t\t<div class=\"e-con-inner\">\n\t\t\t\t<div class=\"elementor-element elementor-element-82dcf10 elementor-widget elementor-widget-button\" data-id=\"82dcf10\" data-element_type=\"widget\" data-widget_type=\"button.default\">\n\t\t\t\t<div class=\"elementor-widget-container\">\n\t\t\t\t\t\t\t\t\t<div class=\"elementor-button-wrapper\">\n\t\t\t\t\t<a class=\"elementor-button elementor-button-link elementor-size-sm\" href=\"https:\/\/mystrpage.com.pl\/wp\/\">\n\t\t\t\t\t\t<span class=\"elementor-button-content-wrapper\">\n\t\t\t\t\t\t\t\t\t<span class=\"elementor-button-text\">Aktualno\u015bci<\/span>\n\t\t\t\t\t<\/span>\n\t\t\t\t\t<\/a>\n\t\t\t\t<\/div>\n\t\t\t\t\t\t\t\t<\/div>\n\t\t\t\t<\/div>\n\t\t\t\t<div class=\"elementor-element elementor-element-c85bb1e elementor-widget elementor-widget-button\" data-id=\"c85bb1e\" data-element_type=\"widget\" data-widget_type=\"button.default\">\n\t\t\t\t<div class=\"elementor-widget-container\">\n\t\t\t\t\t\t\t\t\t<div class=\"elementor-button-wrapper\">\n\t\t\t\t\t<a class=\"elementor-button elementor-button-link elementor-size-sm\" href=\"https:\/\/mystrpage.com.pl\/wp\/o-projekcie\/\">\n\t\t\t\t\t\t<span class=\"elementor-button-content-wrapper\">\n\t\t\t\t\t\t\t\t\t<span class=\"elementor-button-text\">O projekcie<\/span>\n\t\t\t\t\t<\/span>\n\t\t\t\t\t<\/a>\n\t\t\t\t<\/div>\n\t\t\t\t\t\t\t\t<\/div>\n\t\t\t\t<\/div>\n\t\t\t\t<div class=\"elementor-element elementor-element-f613e37 elementor-widget elementor-widget-button\" data-id=\"f613e37\" data-element_type=\"widget\" data-widget_type=\"button.default\">\n\t\t\t\t<div class=\"elementor-widget-container\">\n\t\t\t\t\t\t\t\t\t<div class=\"elementor-button-wrapper\">\n\t\t\t\t\t<a class=\"elementor-button elementor-button-link elementor-size-sm\" href=\"https:\/\/mystrpage.com.pl\/wp\/rekrutacja\/\">\n\t\t\t\t\t\t<span class=\"elementor-button-content-wrapper\">\n\t\t\t\t\t\t\t\t\t<span class=\"elementor-button-text\">Rekrutacja<\/span>\n\t\t\t\t\t<\/span>\n\t\t\t\t\t<\/a>\n\t\t\t\t<\/div>\n\t\t\t\t\t\t\t\t<\/div>\n\t\t\t\t<\/div>\n\t\t\t\t<div class=\"elementor-element elementor-element-4bfd9ce elementor-widget elementor-widget-button\" data-id=\"4bfd9ce\" data-element_type=\"widget\" data-widget_type=\"button.default\">\n\t\t\t\t<div class=\"elementor-widget-container\">\n\t\t\t\t\t\t\t\t\t<div class=\"elementor-button-wrapper\">\n\t\t\t\t\t<a class=\"elementor-button elementor-button-link elementor-size-sm\" href=\"https:\/\/mystrpage.com.pl\/wp\/harmonogramy\/\">\n\t\t\t\t\t\t<span class=\"elementor-button-content-wrapper\">\n\t\t\t\t\t\t\t\t\t<span class=\"elementor-button-text\">Harmonogramy<\/span>\n\t\t\t\t\t<\/span>\n\t\t\t\t\t<\/a>\n\t\t\t\t<\/div>\n\t\t\t\t\t\t\t\t<\/div>\n\t\t\t\t<\/div>\n\t\t\t\t<div class=\"elementor-element elementor-element-fb14188 elementor-widget elementor-widget-button\" data-id=\"fb14188\" data-element_type=\"widget\" data-widget_type=\"button.default\">\n\t\t\t\t<div class=\"elementor-widget-container\">\n\t\t\t\t\t\t\t\t\t<div class=\"elementor-button-wrapper\">\n\t\t\t\t\t<a class=\"elementor-button elementor-button-link elementor-size-sm\" href=\"https:\/\/mystrpage.com.pl\/wp\/do-pobrania\/\">\n\t\t\t\t\t\t<span class=\"elementor-button-content-wrapper\">\n\t\t\t\t\t\t\t\t\t<span class=\"elementor-button-text\">Do pobrania<\/span>\n\t\t\t\t\t<\/span>\n\t\t\t\t\t<\/a>\n\t\t\t\t<\/div>\n\t\t\t\t\t\t\t\t<\/div>\n\t\t\t\t<\/div>\n\t\t\t\t<div class=\"elementor-element elementor-element-f018fc8 elementor-widget elementor-widget-button\" data-id=\"f018fc8\" data-element_type=\"widget\" data-widget_type=\"button.default\">\n\t\t\t\t<div class=\"elementor-widget-container\">\n\t\t\t\t\t\t\t\t\t<div class=\"elementor-button-wrapper\">\n\t\t\t\t\t<a class=\"elementor-button elementor-button-link elementor-size-sm\" href=\"https:\/\/mystrpage.com.pl\/wp\/kontakt\/\">\n\t\t\t\t\t\t<span class=\"elementor-button-content-wrapper\">\n\t\t\t\t\t\t\t\t\t<span class=\"elementor-button-text\">Kontakt<\/span>\n\t\t\t\t\t<\/span>\n\t\t\t\t\t<\/a>\n\t\t\t\t<\/div>\n\t\t\t\t\t\t\t\t<\/div>\n\t\t\t\t<\/div>\n\t\t\t\t\t<\/div>\n\t\t\t\t<\/div>\n\t\t<div class=\"elementor-element elementor-element-b8b0878 e-flex e-con-boxed e-con e-parent\" data-id=\"b8b0878\" data-element_type=\"container\">\n\t\t\t\t\t<div class=\"e-con-inner\">\n\t\t\t\t<div class=\"elementor-element elementor-element-4a60d5f elementor-widget elementor-widget-text-editor\" data-id=\"4a60d5f\" data-element_type=\"widget\" data-widget_type=\"text-editor.default\">\n\t\t\t\t<div class=\"elementor-widget-container\">\n\t\t\t\t\t\t\t\t\t<p>Szczeg\u00f3\u0142owy harmonogram udzielania wsparcia BARMANSKI ZAAWANSOWANY Nauczyciele 26.04.2026_31.05.2026 (<a href=\"https:\/\/drive.google.com\/file\/d\/1_2lhEh7L3RjUBp4m9v62_gMwSyUTmx9W\/view?usp=sharing\">zobacz<\/a>)<\/p><p>Szczeg\u00f3\u0142owy harmonogram udzielania wsparcia ANIMATOR Uczniowie 25.04.2026_23.05.2026 grupa 5 (<a href=\"https:\/\/drive.google.com\/file\/d\/1A0ewk2wNGUMDXACp6EsGVazogx3H5K21\/view?usp=sharing\">zobacz<\/a>)<\/p><p>Szczeg\u00f3\u0142owy harmonogram udzielania wsparcia BARISTA 17.04.2026_29.04.2026 (<a href=\"https:\/\/drive.google.com\/file\/d\/1y_Ls4DpZwGDj50kL-e1miNij4HtEhdhk\/view?usp=sharing\">zobacz<\/a>)<\/p><p>Szczeg\u00f3\u0142owy harmonogram udzielania wsparcia CUKIERNICZY Uczniowie 17.04.2026_10.05.2026 (<a href=\"https:\/\/drive.google.com\/file\/d\/1QqRKUEt5-5ldBSJJWYPDiM3qcsvOPSto\/view?usp=sharing\">zobacz<\/a>)<\/p><p>Szczeg\u00f3\u0142owy harmonogram udzielania wsparcia CUKIERNICZY Nauczyciele 17.04.2026_14.06.2026 (<a href=\"https:\/\/drive.google.com\/file\/d\/1vgzo3kuhjoJnR2FFrTA6HpN7ICKnaVfm\/view?usp=sharing\">zobacz<\/a>)<\/p><p>Szczeg\u00f3\u0142owy harmonogram udzielania wsparcia ANIMATOR 10.04.2026_25.04.2026 grupa 3 I 4 (<a href=\"https:\/\/drive.google.com\/file\/d\/1_nZ07rVXwmnHzbvaM1leVUF4NMqBvkz9\/view?usp=sharing\">zobacz<\/a>)<\/p><p>Szczeg\u00f3\u0142owy harmonogram udzielania wsparcia SOMMELEIR 07.03.2026_25.04.2026 grupa 1 (<a href=\"https:\/\/drive.google.com\/file\/d\/1vOpbW_tj7VKV8djx1_bJC_65wTxLTm4z\/view?usp=sharing\">zobacz<\/a>)<\/p><p>Szczeg\u00f3\u0142owy harmonogram udzielania wsparcia GASTRONOMICZNY 07.03.2026_10.04.2026\u00a0 grupa 2 (<a href=\"https:\/\/drive.google.com\/file\/d\/1hdVniDvbrR6R4R55VBAj_j_caXIA9uzv\/view?usp=sharing\">zobacz<\/a>)<\/p><p>Szczeg\u00f3\u0142owy harmonogram udzielania wsparcia SOMMELIER 21.03.2026_24.05.2026 (<a href=\"https:\/\/drive.google.com\/file\/d\/1nIIzBGAq5VT-anAf0ZyHYxcaFsSvnshb\/view?usp=sharing\">zobacz<\/a>)<\/p><p>Szczeg\u00f3\u0142owy harmonogram udzielania wsparcia BARISTA 06.03.2026_12.04.2026 grupa 2 i 3 (<a href=\"https:\/\/drive.google.com\/file\/d\/1pf4Zv7qyzMLDgpy1Z-F9AYhG414QjO0O\/view?usp=sharing\">zobacz<\/a>)<\/p><p>Szczeg\u00f3\u0142owy harmonogram udzielania wsparcia ANIMATOR 06.03.2026_29.03.2026 grupa 1 i 2 (<a href=\"https:\/\/drive.google.com\/file\/d\/11cdpUkfwzj1z_JVpqFn3aHmKuHSS2E0v\/view?usp=sharing\">zobacz<\/a>)<\/p><p>Szczeg\u00f3\u0142owy harmonogram udzielania wsparcia (<a href=\"https:\/\/drive.google.com\/file\/d\/1Qy85wvREuGecA-FIvvHzNu5Swek6BRRT\/view?usp=sharing\">zobacz<\/a>)<\/p><p>Szczeg\u00f3\u0142owy harmonogram udzielania wsparcia Animator czasu wolnego grupa 2 25.10.2025_30.11.2025_aktualizacja 06.11.2025 (<a href=\"https:\/\/drive.google.com\/file\/d\/1jpEqgcaAJDyKXn5LZIyLRsM1CFj-2ue5\/view?usp=sharing\">zobacz<\/a>)<\/p><p>Szczeg\u00f3\u0142owy harmonogram udzielania wsparcia Animator czasu wolnego_aktualizacja 06.11.2025 (<a href=\"https:\/\/drive.google.com\/file\/d\/1OTTwgmxoWCDWPQjiAAUvUqMPPwB6fNOu\/view?usp=sharing\">zobacz<\/a>)<\/p><p>Szczeg\u00f3\u0142owy harmonogram udzielania wsparcia BARISTA 07.11.2025_16.11.2025 (<a href=\"https:\/\/drive.google.com\/file\/d\/163nX6mGlF5ehPIAwpxDoarrJby-V00wN\/view?usp=sharing\">zobacz<\/a>)<\/p><p>Szczeg\u00f3\u0142owy harmonogram udzielania wsparcia BARMAN 03.10.2025_06.12.2025 (<a href=\"https:\/\/drive.google.com\/file\/d\/1AvFsxJSJApZ6-FoHri_dKCPEFT3OSluW\/view?usp=sharing\">zobacz<\/a>)<\/p><p>Szczeg\u00f3\u0142owy harmonogram udzielania wsparcia CUKIERNIK 03.10.2025_16.11.2025 (<a href=\"https:\/\/drive.google.com\/file\/d\/1yQJlMuQRQqtBIL4iQU5asjDzuVzyb7_Z\/view?usp=sharing\">zobacz<\/a>)<\/p><p>Szczeg\u00f3\u0142owy harmonogram udzielania wsparcia Mowa cia\u0142a 25.10.2025_12.12.2025_aktualizacja 06.11.2025 (<a href=\"https:\/\/drive.google.com\/file\/d\/1gQrTYSlSygNLHTj5v7T9EWx1ruZJokg3\/view?usp=sharing\">zobacz<\/a>)<\/p><p>Szczeg\u00f3\u0142owy harmonogram udzielania wsparcia cukierniczy 28.11.2025_21.12.2025 aktualizacja 25.11.2025 (<a href=\"https:\/\/drive.google.com\/file\/d\/1QDQC6z94StlqA--npbSNsN9UPaMG8a5t\/view?usp=sharing\" target=\"_blank\" rel=\"noopener\">zobacz<\/a>)<\/p>\t\t\t\t\t\t\t\t<\/div>\n\t\t\t\t<\/div>\n\t\t\t\t\t<\/div>\n\t\t\t\t<\/div>\n\t\t\t\t<\/div>\n\t\t","protected":false},"excerpt":{"rendered":"<p>Projekt w ramach Priorytetu nr FEPK.07 &#8222;Kapita\u0142 ludzki gotowy do zmian&#8221; programu regionalnego Fundusze europejskie dla Podkarpacia 2021-2027&#8243; &#8222;Podniesienie jako\u015bci kszta\u0142cenia zawodowego &#8211; kluczem do sukcesu na rynku pracy &#8221; nr FEPK.07.13-IP.01-0050\/23 Aktualno\u015bci O projekcie Rekrutacja Harmonogramy Do pobrania Kontakt Szczeg\u00f3\u0142owy harmonogram udzielania wsparcia BARMANSKI ZAAWANSOWANY Nauczyciele 26.04.2026_31.05.2026 (zobacz) Szczeg\u00f3\u0142owy harmonogram udzielania wsparcia ANIMATOR Uczniowie [&hellip;]<\/p>\n","protected":false},"author":1,"featured_media":0,"parent":0,"menu_order":0,"comment_status":"closed","ping_status":"closed","template":"","meta":{"_siteseo_robots_primary_cat":"","pagelayer_contact_templates":[],"_pagelayer_content":"","ocean_post_layout":"full-screen","ocean_both_sidebars_style":"","ocean_both_sidebars_content_width":0,"ocean_both_sidebars_sidebars_width":0,"ocean_sidebar":"","ocean_second_sidebar":"","ocean_disable_margins":"enable","ocean_add_body_class":"","ocean_shortcode_before_top_bar":"","ocean_shortcode_after_top_bar":"","ocean_shortcode_before_header":"","ocean_shortcode_after_header":"","ocean_has_shortcode":"","ocean_shortcode_after_title":"","ocean_shortcode_before_footer_widgets":"","ocean_shortcode_after_footer_widgets":"","ocean_shortcode_before_footer_bottom":"","ocean_shortcode_after_footer_bottom":"","ocean_display_top_bar":"off","ocean_display_header":"default","ocean_header_style":"","ocean_center_header_left_menu":"","ocean_custom_header_template":"","ocean_custom_logo":0,"ocean_custom_retina_logo":0,"ocean_custom_logo_max_width":0,"ocean_custom_logo_tablet_max_width":0,"ocean_custom_logo_mobile_max_width":0,"ocean_custom_logo_max_height":0,"ocean_custom_logo_tablet_max_height":0,"ocean_custom_logo_mobile_max_height":0,"ocean_header_custom_menu":"","ocean_menu_typo_font_family":"","ocean_menu_typo_font_subset":"","ocean_menu_typo_font_size":0,"ocean_menu_typo_font_size_tablet":0,"ocean_menu_typo_font_size_mobile":0,"ocean_menu_typo_font_size_unit":"px","ocean_menu_typo_font_weight":"","ocean_menu_typo_font_weight_tablet":"","ocean_menu_typo_font_weight_mobile":"","ocean_menu_typo_transform":"","ocean_menu_typo_transform_tablet":"","ocean_menu_typo_transform_mobile":"","ocean_menu_typo_line_height":0,"ocean_menu_typo_line_height_tablet":0,"ocean_menu_typo_line_height_mobile":0,"ocean_menu_typo_line_height_unit":"","ocean_menu_typo_spacing":0,"ocean_menu_typo_spacing_tablet":0,"ocean_menu_typo_spacing_mobile":0,"ocean_menu_typo_spacing_unit":"","ocean_menu_link_color":"","ocean_menu_link_color_hover":"","ocean_menu_link_color_active":"","ocean_menu_link_background":"","ocean_menu_link_hover_background":"","ocean_menu_link_active_background":"","ocean_menu_social_links_bg":"","ocean_menu_social_hover_links_bg":"","ocean_menu_social_links_color":"","ocean_menu_social_hover_links_color":"","ocean_disable_title":"on","ocean_disable_heading":"default","ocean_post_title":"","ocean_post_subheading":"","ocean_post_title_style":"","ocean_post_title_background_color":"","ocean_post_title_background":0,"ocean_post_title_bg_image_position":"","ocean_post_title_bg_image_attachment":"","ocean_post_title_bg_image_repeat":"","ocean_post_title_bg_image_size":"","ocean_post_title_height":0,"ocean_post_title_bg_overlay":0.5,"ocean_post_title_bg_overlay_color":"","ocean_disable_breadcrumbs":"default","ocean_breadcrumbs_color":"","ocean_breadcrumbs_separator_color":"","ocean_breadcrumbs_links_color":"","ocean_breadcrumbs_links_hover_color":"","ocean_display_footer_widgets":"off","ocean_display_footer_bottom":"off","ocean_custom_footer_template":"","footnotes":""},"class_list":["post-39","page","type-page","status-publish","hentry","entry"],"_links":{"self":[{"href":"https:\/\/mystrpage.com.pl\/wp\/wp-json\/wp\/v2\/pages\/39","targetHints":{"allow":["GET"]}}],"collection":[{"href":"https:\/\/mystrpage.com.pl\/wp\/wp-json\/wp\/v2\/pages"}],"about":[{"href":"https:\/\/mystrpage.com.pl\/wp\/wp-json\/wp\/v2\/types\/page"}],"author":[{"embeddable":true,"href":"https:\/\/mystrpage.com.pl\/wp\/wp-json\/wp\/v2\/users\/1"}],"replies":[{"embeddable":true,"href":"https:\/\/mystrpage.com.pl\/wp\/wp-json\/wp\/v2\/comments?post=39"}],"version-history":[{"count":37,"href":"https:\/\/mystrpage.com.pl\/wp\/wp-json\/wp\/v2\/pages\/39\/revisions"}],"predecessor-version":[{"id":218,"href":"https:\/\/mystrpage.com.pl\/wp\/wp-json\/wp\/v2\/pages\/39\/revisions\/218"}],"wp:attachment":[{"href":"https:\/\/mystrpage.com.pl\/wp\/wp-json\/wp\/v2\/media?parent=39"}],"curies":[{"name":"wp","href":"https:\/\/api.w.org\/{rel}","templated":true}]}}